{"id":279,"date":"2018-02-16T00:26:56","date_gmt":"2018-02-15T23:26:56","guid":{"rendered":"http:\/\/localhost:8888\/global_upfitters\/imprint\/"},"modified":"2018-02-16T00:26:56","modified_gmt":"2018-02-15T23:26:56","slug":"imprint","status":"publish","type":"page","link":"http:\/\/globalupfitters.com\/en\/imprint\/","title":{"rendered":"Imprint"},"content":{"rendered":"<p>[vc_row][vc_column][vc_column_text]<\/p>\n<h3><em>Imprint<\/em><\/h3>\n<p>K\u00e4the Wenzel<br \/>\nAtelier Kastanienallee 12<br \/>\n10435 Berlin<br \/>\ntel: +49 (0)30 81616882<\/p>\n<p>Die Jellibelly-Bauchpinselmaschine entstand in Zusammenarbeit mit Lisa Glauer.<\/p>\n<p>Fotos: K\u00e4the Wenzel<\/p>\n<p>Ich habe auf meinen Seiten Links zu anderen Seiten im Internet. F\u00fcr alle diese Links gilt, dass ich keinerlei Einfluss auf die Gestaltung und die Inhalte der gelinkten Seiten habe. Deswegen \u00fcbernehme ich auch keinerlei Verantwortung f\u00fcr Inhalt und Gestaltung dieser Seiten. Diese Erkl\u00e4rung gilt f\u00fcr alle auf meiner Internetpr\u00e4senz angezeigten Links und f\u00fcr alle Inhalte der Seiten, zu denen die bei mir angemeldeten Banner und Links f\u00fchren.[\/vc_column_text][\/vc_column][\/vc_row]<\/p>\n","protected":false},"excerpt":{"rendered":"<p>[vc_row][vc_column][vc_column_text] Imprint K\u00e4the Wenzel Atelier Kastanienallee 12 10435 Berlin tel: +49 (0)30 81616882 Die Jellibelly-Bauchpinselmaschine entstand in Zusammenarbeit mit Lisa Glauer. Fotos: K\u00e4the Wenzel Ich habe auf meinen Seiten Links zu anderen Seiten im Internet. F\u00fcr alle diese Links gilt, dass ich keinerlei Einfluss auf die Gestaltung und die Inhalte der gelinkten Seiten habe. Deswegen [&hellip;]<\/p>\n","protected":false},"author":1,"featured_media":0,"parent":0,"menu_order":0,"comment_status":"closed","ping_status":"closed","template":"","meta":[],"tags":[],"_links":{"self":[{"href":"http:\/\/globalupfitters.com\/en\/wp-json\/wp\/v2\/pages\/279"}],"collection":[{"href":"http:\/\/globalupfitters.com\/en\/wp-json\/wp\/v2\/pages"}],"about":[{"href":"http:\/\/globalupfitters.com\/en\/wp-json\/wp\/v2\/types\/page"}],"author":[{"embeddable":true,"href":"http:\/\/globalupfitters.com\/en\/wp-json\/wp\/v2\/users\/1"}],"replies":[{"embeddable":true,"href":"http:\/\/globalupfitters.com\/en\/wp-json\/wp\/v2\/comments?post=279"}],"version-history":[{"count":1,"href":"http:\/\/globalupfitters.com\/en\/wp-json\/wp\/v2\/pages\/279\/revisions"}],"predecessor-version":[{"id":280,"href":"http:\/\/globalupfitters.com\/en\/wp-json\/wp\/v2\/pages\/279\/revisions\/280"}],"wp:attachment":[{"href":"http:\/\/globalupfitters.com\/en\/wp-json\/wp\/v2\/media?parent=279"}],"wp:term":[{"taxonomy":"post_tag","embeddable":true,"href":"http:\/\/globalupfitters.com\/en\/wp-json\/wp\/v2\/tags?post=279"}],"curies":[{"name":"wp","href":"https:\/\/api.w.org\/{rel}","templated":true}]}}